{"id":38,"date":"2017-04-05T15:33:29","date_gmt":"2017-04-05T13:33:29","guid":{"rendered":"http:\/\/orusthem.elji.info\/?page_id=38"},"modified":"2025-01-21T21:18:57","modified_gmt":"2025-01-21T20:18:57","slug":"om-foreningen","status":"publish","type":"page","link":"https:\/\/orustteaterforening.se\/index.php\/om-foreningen\/","title":{"rendered":"Om f\u00f6reningen"},"content":{"rendered":"<p>[et_pb_section bb_built=&#8221;1&#8243; admin_label=&#8221;section&#8221; custom_padding_last_edited=&#8221;on|desktop&#8221; _builder_version=&#8221;3.22&#8243; custom_padding_tablet=&#8221;50px|0|50px|0&#8243; custom_padding_phone=&#8221;50px|0|50px|0&#8243; transparent_background=&#8221;off&#8221; padding_mobile=&#8221;off&#8221; make_fullwidth=&#8221;off&#8221; use_custom_width=&#8221;off&#8221; width_unit=&#8221;off&#8221; custom_width_px=&#8221;1080px&#8221; custom_width_percent=&#8221;80%&#8221; global_colors_info=&#8221;{}&#8221;][et_pb_row column_structure=&#8221;3_4,1_4&#8243; _builder_version=&#8221;4.14.2&#8243; _module_preset=&#8221;default&#8221; global_colors_info=&#8221;{}&#8221;][et_pb_column type=&#8221;3_4&#8243; _builder_version=&#8221;4.14.2&#8243; _module_preset=&#8221;default&#8221; global_colors_info=&#8221;{}&#8221;][et_pb_post_title meta=&#8221;off&#8221; featured_image=&#8221;off&#8221; _builder_version=&#8221;4.14.2&#8243; _module_preset=&#8221;default&#8221; global_colors_info=&#8221;{}&#8221; text_shadow_horizontal_length=&#8221;text_shadow_style,%91object Object%93&#8243; text_shadow_horizontal_length_tablet=&#8221;0px&#8221; text_shadow_vertical_length=&#8221;text_shadow_style,%91object Object%93&#8243; text_shadow_vertical_length_tablet=&#8221;0px&#8221; text_shadow_blur_strength=&#8221;text_shadow_style,%91object Object%93&#8243; text_shadow_blur_strength_tablet=&#8221;1px&#8221; title_font=&#8221;Roboto|700|||||||&#8221; title_font_size=&#8221;36px&#8221; title_text_shadow_horizontal_length=&#8221;title_text_shadow_style,%91object Object%93&#8243; title_text_shadow_horizontal_length_tablet=&#8221;0px&#8221; title_text_shadow_vertical_length=&#8221;title_text_shadow_style,%91object Object%93&#8243; title_text_shadow_vertical_length_tablet=&#8221;0px&#8221; title_text_shadow_blur_strength=&#8221;title_text_shadow_style,%91object Object%93&#8243; title_text_shadow_blur_strength_tablet=&#8221;1px&#8221; meta_text_shadow_horizontal_length=&#8221;meta_text_shadow_style,%91object Object%93&#8243; meta_text_shadow_horizontal_length_tablet=&#8221;0px&#8221; meta_text_shadow_vertical_length=&#8221;meta_text_shadow_style,%91object Object%93&#8243; meta_text_shadow_vertical_length_tablet=&#8221;0px&#8221; meta_text_shadow_blur_strength=&#8221;meta_text_shadow_style,%91object Object%93&#8243; meta_text_shadow_blur_strength_tablet=&#8221;1px&#8221; box_shadow_horizontal_tablet=&#8221;0px&#8221; box_shadow_vertical_tablet=&#8221;0px&#8221; box_shadow_blur_tablet=&#8221;40px&#8221; box_shadow_spread_tablet=&#8221;0px&#8221; vertical_offset_tablet=&#8221;0&#8243; horizontal_offset_tablet=&#8221;0&#8243; z_index_tablet=&#8221;0&#8243; \/][et_pb_text _builder_version=&#8221;4.19.4&#8243; background_size=&#8221;initial&#8221; background_position=&#8221;top_left&#8221; background_repeat=&#8221;repeat&#8221; use_border_color=&#8221;off&#8221; global_colors_info=&#8221;{}&#8221; text_text_shadow_horizontal_length=&#8221;text_text_shadow_style,%91object Object%93&#8243; text_text_shadow_horizontal_length_tablet=&#8221;0px&#8221; text_text_shadow_vertical_length=&#8221;text_text_shadow_style,%91object Object%93&#8243; text_text_shadow_vertical_length_tablet=&#8221;0px&#8221; text_text_shadow_blur_strength=&#8221;text_text_shadow_style,%91object Object%93&#8243; text_text_shadow_blur_strength_tablet=&#8221;1px&#8221; link_text_shadow_horizontal_length=&#8221;link_text_shadow_style,%91object Object%93&#8243; link_text_shadow_horizontal_length_tablet=&#8221;0px&#8221; link_text_shadow_vertical_length=&#8221;link_text_shadow_style,%91object Object%93&#8243; link_text_shadow_vertical_length_tablet=&#8221;0px&#8221; link_text_shadow_blur_strength=&#8221;link_text_shadow_style,%91object Object%93&#8243; link_text_shadow_blur_strength_tablet=&#8221;1px&#8221; ul_text_shadow_horizontal_length=&#8221;ul_text_shadow_style,%91object Object%93&#8243; ul_text_shadow_horizontal_length_tablet=&#8221;0px&#8221; ul_text_shadow_vertical_length=&#8221;ul_text_shadow_style,%91object Object%93&#8243; ul_text_shadow_vertical_length_tablet=&#8221;0px&#8221; ul_text_shadow_blur_strength=&#8221;ul_text_shadow_style,%91object Object%93&#8243; ul_text_shadow_blur_strength_tablet=&#8221;1px&#8221; ol_text_shadow_horizontal_length=&#8221;ol_text_shadow_style,%91object Object%93&#8243; ol_text_shadow_horizontal_length_tablet=&#8221;0px&#8221; ol_text_shadow_vertical_length=&#8221;ol_text_shadow_style,%91object Object%93&#8243; ol_text_shadow_vertical_length_tablet=&#8221;0px&#8221; ol_text_shadow_blur_strength=&#8221;ol_text_shadow_style,%91object Object%93&#8243; ol_text_shadow_blur_strength_tablet=&#8221;1px&#8221; quote_text_shadow_horizontal_length=&#8221;quote_text_shadow_style,%91object Object%93&#8243; quote_text_shadow_horizontal_length_tablet=&#8221;0px&#8221; quote_text_shadow_vertical_length=&#8221;quote_text_shadow_style,%91object Object%93&#8243; quote_text_shadow_vertical_length_tablet=&#8221;0px&#8221; quote_text_shadow_blur_strength=&#8221;quote_text_shadow_style,%91object Object%93&#8243; quote_text_shadow_blur_strength_tablet=&#8221;1px&#8221; header_text_shadow_horizontal_length=&#8221;header_text_shadow_style,%91object Object%93&#8243; header_text_shadow_horizontal_length_tablet=&#8221;0px&#8221; header_text_shadow_vertical_length=&#8221;header_text_shadow_style,%91object Object%93&#8243; header_text_shadow_vertical_length_tablet=&#8221;0px&#8221; header_text_shadow_blur_strength=&#8221;header_text_shadow_style,%91object Object%93&#8243; header_text_shadow_blur_strength_tablet=&#8221;1px&#8221; header_2_text_shadow_horizontal_length=&#8221;header_2_text_shadow_style,%91object Object%93&#8243; header_2_text_shadow_horizontal_length_tablet=&#8221;0px&#8221; header_2_text_shadow_vertical_length=&#8221;header_2_text_shadow_style,%91object Object%93&#8243; header_2_text_shadow_vertical_length_tablet=&#8221;0px&#8221; header_2_text_shadow_blur_strength=&#8221;header_2_text_shadow_style,%91object Object%93&#8243; header_2_text_shadow_blur_strength_tablet=&#8221;1px&#8221; header_3_text_shadow_horizontal_length=&#8221;header_3_text_shadow_style,%91object Object%93&#8243; header_3_text_shadow_horizontal_length_tablet=&#8221;0px&#8221; header_3_text_shadow_vertical_length=&#8221;header_3_text_shadow_style,%91object Object%93&#8243; header_3_text_shadow_vertical_length_tablet=&#8221;0px&#8221; header_3_text_shadow_blur_strength=&#8221;header_3_text_shadow_style,%91object Object%93&#8243; header_3_text_shadow_blur_strength_tablet=&#8221;1px&#8221; header_4_text_shadow_horizontal_length=&#8221;header_4_text_shadow_style,%91object Object%93&#8243; header_4_text_shadow_horizontal_length_tablet=&#8221;0px&#8221; header_4_text_shadow_vertical_length=&#8221;header_4_text_shadow_style,%91object Object%93&#8243; header_4_text_shadow_vertical_length_tablet=&#8221;0px&#8221; header_4_text_shadow_blur_strength=&#8221;header_4_text_shadow_style,%91object Object%93&#8243; header_4_text_shadow_blur_strength_tablet=&#8221;1px&#8221; header_5_text_shadow_horizontal_length=&#8221;header_5_text_shadow_style,%91object Object%93&#8243; header_5_text_shadow_horizontal_length_tablet=&#8221;0px&#8221; header_5_text_shadow_vertical_length=&#8221;header_5_text_shadow_style,%91object Object%93&#8243; header_5_text_shadow_vertical_length_tablet=&#8221;0px&#8221; header_5_text_shadow_blur_strength=&#8221;header_5_text_shadow_style,%91object Object%93&#8243; header_5_text_shadow_blur_strength_tablet=&#8221;1px&#8221; header_6_text_shadow_horizontal_length=&#8221;header_6_text_shadow_style,%91object Object%93&#8243; header_6_text_shadow_horizontal_length_tablet=&#8221;0px&#8221; header_6_text_shadow_vertical_length=&#8221;header_6_text_shadow_style,%91object Object%93&#8243; header_6_text_shadow_vertical_length_tablet=&#8221;0px&#8221; header_6_text_shadow_blur_strength=&#8221;header_6_text_shadow_style,%91object Object%93&#8243; header_6_text_shadow_blur_strength_tablet=&#8221;1px&#8221; box_shadow_horizontal_tablet=&#8221;0px&#8221; box_shadow_vertical_tablet=&#8221;0px&#8221; box_shadow_blur_tablet=&#8221;40px&#8221; box_shadow_spread_tablet=&#8221;0px&#8221; vertical_offset_tablet=&#8221;0&#8243; horizontal_offset_tablet=&#8221;0&#8243; z_index_tablet=&#8221;0&#8243; background_pattern_color=&#8221;rgba(0,0,0,0.2)&#8221; background_mask_color=&#8221;#ffffff&#8221;]<\/p>\n<p><img loading=\"lazy\" decoding=\"async\" class=\"alignnone size-medium wp-image-57\" src=\"https:\/\/orustteaterforening.se\/wp-content\/uploads\/2017\/04\/Logga-Orust-Teaterf\u00f6ren-Svart-copy-300x141.jpg\" alt=\"\" width=\"300\" height=\"141\" srcset=\"https:\/\/orustteaterforening.se\/wp-content\/uploads\/2017\/04\/Logga-Orust-Teaterf\u00f6ren-Svart-copy-300x141.jpg 300w, https:\/\/orustteaterforening.se\/wp-content\/uploads\/2017\/04\/Logga-Orust-Teaterf\u00f6ren-Svart-copy-768x362.jpg 768w, https:\/\/orustteaterforening.se\/wp-content\/uploads\/2017\/04\/Logga-Orust-Teaterf\u00f6ren-Svart-copy-1024x483.jpg 1024w, https:\/\/orustteaterforening.se\/wp-content\/uploads\/2017\/04\/Logga-Orust-Teaterf\u00f6ren-Svart-copy-1080x509.jpg 1080w, https:\/\/orustteaterforening.se\/wp-content\/uploads\/2017\/04\/Logga-Orust-Teaterf\u00f6ren-Svart-copy.jpg 1222w\" sizes=\"auto, (max-width: 300px) 100vw, 300px\" \/><\/p>\n<p>Orusts teaterf\u00f6rening vill vara en m\u00f6tesplats f\u00f6r teaterintresserade i bred bem\u00e4rkelse. Vi vill engagera barn, ungdom och vuxna i teaterverksamhet och allm\u00e4nt fr\u00e4mja teaterintresset p\u00e5 Orust. Detta g\u00f6r vi fr\u00e4mst genom att producera egna upps\u00e4ttningar av olika slag och genom att arrangera utbildningsaktiviteter inom omr\u00e5det. Vi verkar ocks\u00e5 f\u00f6r att f\u00e5 teaterf\u00f6rest\u00e4llningar och andra kulturarrangemang till Orust.<\/p>\n<p>Vi \u00e4r en ideell f\u00f6rening och vi har varit verksamma sedan 1989. Under \u00e5ren satt upp ett stort antal teaterf\u00f6rest\u00e4llningar, revyer och andra sk\u00e5despel.<\/p>\n<p>Vi \u00e4r medlemmar i Amat\u00f6rteaterns Riksf\u00f6rbund, ATR (<a href=\"http:\/\/www.atr.nu\">www.atr.nu<\/a>) och Riksf\u00f6rbundet Lokalrevyer i Sverige, LIS (<a href=\"http:\/\/www.lis.nu\">www.lis.nu<\/a>). Sedan 2024 har vi sponsringsavtal med Orusts Sparbank.&nbsp;<\/p>\n<h2><strong>Och s\u00e5 h\u00e4r startade det\u2026<\/strong><\/h2>\n<p>\u00c5r 1970 inr\u00e4ttade Orust kommun en kulturn\u00e4mnd. Denna n\u00e4mnd k\u00f6pte in vissa teaterproduktioner fr\u00e4mst fr\u00e5n Riksteatern. \u00c5r 1976 bildades, en s.k. publikf\u00f6rening som skulle arbeta efter Riksteaterns stadgar och den fick namnet \u201dOrusts Teaterf\u00f6rening\u201d.<br \/>M\u00e5let var att:<\/p>\n<ul>\n<li>F\u00e5 teaterproduktioner till \u00f6n<\/li>\n<li>St\u00f6dja amat\u00f6rteaterverksamheten<\/li>\n<li>Anordna teaterresor till n\u00e4rbel\u00e4gna st\u00e4der<\/li>\n<\/ul>\n<p>\u00c5rsavgiften var 10:- och f\u00f6reningen fick ca. etthundra medlemmar. F\u00f6reningen var vilande \u00e5ren 1985 \u2013 1989, men under denna tid uppstod en ny amat\u00f6rteatergrupp under namnet \u201dVildhonung\u201d. Denna f\u00f6rening satte upp egna revyer och arrangerade g\u00e4stspel av fria teatergrupper.<\/p>\n<p>Orusts Teaterf\u00f6rening ombildades och nyorganiserades, p\u00e5 initiativ av kultursekreterare Folke Almegius, i september 1989. Roger Sj\u00f6berg blev ordf\u00f6rande och drivande kraft. F\u00f6reningens verksamhetsm\u00e5l angavs enligt f\u00f6ljande:<\/p>\n<blockquote>\n<p>\u201dAtt skapa forum f\u00f6r ordet och lyriken, g\u00f6ra teaterresor samt s\u00e4tta upp en ny\u00e5rsrevy. I f\u00f6rl\u00e4ngningen av denna satsning avser vi att bedriva en gedigen amat\u00f6rteaterverksamhet f\u00f6r b\u00e5de barn och vuxna.\u201d<\/p>\n<\/blockquote>\n<p>F\u00f6reningen fick en flygande start. Tre m\u00e5nader efter bildandet stod 40 av de nya medlemmarna p\u00e5 \u00c4ng\u00e5sskolans scen i Svanesund och framf\u00f6rde ny\u00e5rsrevyn \u201dVi h\u00e4r p\u00e5 \u00f6n\u201d Den spelade i sju uts\u00e5lda f\u00f6rest\u00e4llningar. Revyn fick mycket pressrosor och blev en stor succ\u00e9.<\/p>\n<p>Sedan dess har f\u00f6reningen haft en fortl\u00f6pande, livaktig verksamhet, vilket framg\u00e5r av f\u00f6rteckningen av v\u00e5ra upps\u00e4ttningar genom \u00e5ren.<\/p>\n<p>Historik fr\u00e5n f\u00f6reningens f\u00f6rsta tjugo \u00e5r (1989-2009) hittar du&nbsp;<a href=\"https:\/\/orustteaterforening.se\/wp-content\/uploads\/2022\/11\/OTF-Hisorik-1989-2009.pdf\" target=\"_blank\" rel=\"noopener\">h\u00e4r<\/a><\/p>\n<p>&nbsp;<\/p>\n<p>&nbsp;<\/p>\n<p>&nbsp;<\/p>\n<p>&nbsp;<\/p>\n<p>[\/et_pb_text][\/et_pb_column][et_pb_column type=&#8221;1_4&#8243; _builder_version=&#8221;4.14.2&#8243; _module_preset=&#8221;default&#8221; global_colors_info=&#8221;{}&#8221;][et_pb_text admin_label=&#8221;Rubrik: V\u00e5ra upps\u00e4ttningar genom \u00e5ren&#8221; _builder_version=&#8221;4.14.2&#8243; _module_preset=&#8221;default&#8221; global_colors_info=&#8221;{}&#8221; global_module=&#8221;2078&#8243; theme_builder_area=&#8221;post_content&#8221;]<\/p>\n<h2><strong>V\u00e5ra upps\u00e4ttningar genom \u00e5ren<\/strong><\/h2>\n<p>[\/et_pb_text][et_pb_blog admin_label=&#8221;Upps\u00e4ttningar&#8221; posts_number=&#8221;100&#8243; include_categories=&#8221;2&#8243; show_thumbnail=&#8221;off&#8221; use_manual_excerpt=&#8221;off&#8221; show_author=&#8221;off&#8221; show_date=&#8221;off&#8221; show_categories=&#8221;off&#8221; show_excerpt=&#8221;off&#8221; show_pagination=&#8221;off&#8221; _builder_version=&#8221;4.14.2&#8243; _module_preset=&#8221;default&#8221; header_level=&#8221;h6&#8243; body_line_height=&#8221;1em&#8221; custom_padding=&#8221;0px|0px|54px|0px|false|false&#8221; global_colors_info=&#8221;{}&#8221; global_module=&#8221;2079&#8243; theme_builder_area=&#8221;post_content&#8221; vertical_offset_tablet=&#8221;0&#8243; horizontal_offset_tablet=&#8221;0&#8243; min_height=&#8221;100px&#8221; hover_enabled=&#8221;0&#8243; z_index_tablet=&#8221;0&#8243; header_text_shadow_horizontal_length_tablet=&#8221;0px&#8221; header_text_shadow_vertical_length_tablet=&#8221;0px&#8221; header_text_shadow_blur_strength_tablet=&#8221;1px&#8221; body_text_shadow_horizontal_length_tablet=&#8221;0px&#8221; body_text_shadow_vertical_length_tablet=&#8221;0px&#8221; body_text_shadow_blur_strength_tablet=&#8221;1px&#8221; meta_text_shadow_horizontal_length_tablet=&#8221;0px&#8221; meta_text_shadow_vertical_length_tablet=&#8221;0px&#8221; meta_text_shadow_blur_strength_tablet=&#8221;1px&#8221; read_more_text_shadow_horizontal_length_tablet=&#8221;0px&#8221; read_more_text_shadow_vertical_length_tablet=&#8221;0px&#8221; read_more_text_shadow_blur_strength_tablet=&#8221;1px&#8221; pagination_text_shadow_horizontal_length_tablet=&#8221;0px&#8221; pagination_text_shadow_vertical_length_tablet=&#8221;0px&#8221; pagination_text_shadow_blur_strength_tablet=&#8221;1px&#8221; body_link_text_shadow_horizontal_length_tablet=&#8221;0px&#8221; body_link_text_shadow_vertical_length_tablet=&#8221;0px&#8221; body_link_text_shadow_blur_strength_tablet=&#8221;1px&#8221; body_ul_text_shadow_horizontal_length_tablet=&#8221;0px&#8221; body_ul_text_shadow_vertical_length_tablet=&#8221;0px&#8221; body_ul_text_shadow_blur_strength_tablet=&#8221;1px&#8221; body_ol_text_shadow_horizontal_length_tablet=&#8221;0px&#8221; body_ol_text_shadow_vertical_length_tablet=&#8221;0px&#8221; body_ol_text_shadow_blur_strength_tablet=&#8221;1px&#8221; body_quote_text_shadow_horizontal_length_tablet=&#8221;0px&#8221; body_quote_text_shadow_vertical_length_tablet=&#8221;0px&#8221; body_quote_text_shadow_blur_strength_tablet=&#8221;1px&#8221; box_shadow_horizontal_tablet=&#8221;0px&#8221; box_shadow_vertical_tablet=&#8221;0px&#8221; box_shadow_blur_tablet=&#8221;40px&#8221; box_shadow_spread_tablet=&#8221;0px&#8221; box_shadow_horizontal_image_tablet=&#8221;0px&#8221; box_shadow_vertical_image_tablet=&#8221;0px&#8221; box_shadow_blur_image_tablet=&#8221;40px&#8221; box_shadow_spread_image_tablet=&#8221;0px&#8221; text_shadow_horizontal_length_tablet=&#8221;0px&#8221; text_shadow_vertical_length_tablet=&#8221;0px&#8221; text_shadow_blur_strength_tablet=&#8221;1px&#8221; saved_tabs=&#8221;all&#8221; sticky_enabled=&#8221;0&#8243; meta_date=&#8221;Y-m-d&#8221; text_shadow_horizontal_length=&#8221;text_shadow_style,%91object Object%93&#8243; text_shadow_vertical_length=&#8221;text_shadow_style,%91object Object%93&#8243; text_shadow_blur_strength=&#8221;text_shadow_style,%91object Object%93&#8243; header_text_shadow_horizontal_length=&#8221;header_text_shadow_style,%91object Object%93&#8243; header_text_shadow_vertical_length=&#8221;header_text_shadow_style,%91object Object%93&#8243; header_text_shadow_blur_strength=&#8221;header_text_shadow_style,%91object Object%93&#8243; body_text_shadow_horizontal_length=&#8221;body_text_shadow_style,%91object Object%93&#8243; body_text_shadow_vertical_length=&#8221;body_text_shadow_style,%91object Object%93&#8243; body_text_shadow_blur_strength=&#8221;body_text_shadow_style,%91object Object%93&#8243; body_link_text_shadow_horizontal_length=&#8221;body_link_text_shadow_style,%91object Object%93&#8243; body_link_text_shadow_vertical_length=&#8221;body_link_text_shadow_style,%91object Object%93&#8243; body_link_text_shadow_blur_strength=&#8221;body_link_text_shadow_style,%91object Object%93&#8243; body_ul_text_shadow_horizontal_length=&#8221;body_ul_text_shadow_style,%91object Object%93&#8243; body_ul_text_shadow_vertical_length=&#8221;body_ul_text_shadow_style,%91object Object%93&#8243; body_ul_text_shadow_blur_strength=&#8221;body_ul_text_shadow_style,%91object Object%93&#8243; body_ol_text_shadow_horizontal_length=&#8221;body_ol_text_shadow_style,%91object Object%93&#8243; body_ol_text_shadow_vertical_length=&#8221;body_ol_text_shadow_style,%91object Object%93&#8243; body_ol_text_shadow_blur_strength=&#8221;body_ol_text_shadow_style,%91object Object%93&#8243; body_quote_text_shadow_horizontal_length=&#8221;body_quote_text_shadow_style,%91object Object%93&#8243; body_quote_text_shadow_vertical_length=&#8221;body_quote_text_shadow_style,%91object Object%93&#8243; body_quote_text_shadow_blur_strength=&#8221;body_quote_text_shadow_style,%91object Object%93&#8243; meta_text_shadow_horizontal_length=&#8221;meta_text_shadow_style,%91object Object%93&#8243; meta_text_shadow_vertical_length=&#8221;meta_text_shadow_style,%91object Object%93&#8243; meta_text_shadow_blur_strength=&#8221;meta_text_shadow_style,%91object Object%93&#8243; read_more_text_shadow_horizontal_length=&#8221;read_more_text_shadow_style,%91object Object%93&#8243; read_more_text_shadow_vertical_length=&#8221;read_more_text_shadow_style,%91object Object%93&#8243; read_more_text_shadow_blur_strength=&#8221;read_more_text_shadow_style,%91object Object%93&#8243; pagination_text_shadow_horizontal_length=&#8221;pagination_text_shadow_style,%91object Object%93&#8243; pagination_text_shadow_vertical_length=&#8221;pagination_text_shadow_style,%91object Object%93&#8243; pagination_text_shadow_blur_strength=&#8221;pagination_text_shadow_style,%91object Object%93&#8243; \/][\/et_pb_column][\/et_pb_row][\/et_pb_section]<\/p>\n","protected":false},"excerpt":{"rendered":"<p>Orusts teaterf\u00f6rening vill vara en m\u00f6tesplats f\u00f6r teaterintresserade i bred bem\u00e4rkelse. Vi vill engagera barn, ungdom och vuxna i teaterverksamhet och allm\u00e4nt fr\u00e4mja teaterintresset p\u00e5 Orust. Detta g\u00f6r vi fr\u00e4mst genom att producera egna upps\u00e4ttningar av olika slag och genom att arrangera utbildningsaktiviteter inom omr\u00e5det. Vi verkar ocks\u00e5 f\u00f6r att f\u00e5 teaterf\u00f6rest\u00e4llningar och andra kulturarrangemang [&hellip;]<\/p>\n","protected":false},"author":13,"featured_media":0,"parent":0,"menu_order":0,"comment_status":"closed","ping_status":"closed","template":"","meta":{"_et_pb_use_builder":"on","_et_pb_old_content":"Orusts teaterf\u00f6rening \u00e4r en ideell f\u00f6rening, som ut\u00f6var olika slags teaterverksamhet. F\u00f6reningen har f\u00f6r n\u00e4rvarande ca 200 medlemmar. F\u00f6reningens m\u00e5ls\u00e4ttning \u00e4r att fr\u00e4mja teaterintresset p\u00e5 Orust genom att st\u00f6dja amat\u00f6rteater bland barn, ungdom och vuxna. Vidare skall f\u00f6reningen ordna teaterf\u00f6rest\u00e4llningar och teaterresor samt stimulera studie- och fritidsverksamhet inom det sceniska om r\u00e5det.\r\n\r\nVill du veta mera om Orust kommun bes\u00f6k hemsidan <a href=\"http:\/\/www.orust.se\" target=\"_blank\">www.orust.se<\/a>","_et_gb_content_width":"","ngg_post_thumbnail":0,"footnotes":""},"class_list":["post-38","page","type-page","status-publish","hentry"],"_links":{"self":[{"href":"https:\/\/orustteaterforening.se\/index.php\/wp-json\/wp\/v2\/pages\/38","targetHints":{"allow":["GET"]}}],"collection":[{"href":"https:\/\/orustteaterforening.se\/index.php\/wp-json\/wp\/v2\/pages"}],"about":[{"href":"https:\/\/orustteaterforening.se\/index.php\/wp-json\/wp\/v2\/types\/page"}],"author":[{"embeddable":true,"href":"https:\/\/orustteaterforening.se\/index.php\/wp-json\/wp\/v2\/users\/13"}],"replies":[{"embeddable":true,"href":"https:\/\/orustteaterforening.se\/index.php\/wp-json\/wp\/v2\/comments?post=38"}],"version-history":[{"count":18,"href":"https:\/\/orustteaterforening.se\/index.php\/wp-json\/wp\/v2\/pages\/38\/revisions"}],"predecessor-version":[{"id":5923,"href":"https:\/\/orustteaterforening.se\/index.php\/wp-json\/wp\/v2\/pages\/38\/revisions\/5923"}],"wp:attachment":[{"href":"https:\/\/orustteaterforening.se\/index.php\/wp-json\/wp\/v2\/media?parent=38"}],"curies":[{"name":"wp","href":"https:\/\/api.w.org\/{rel}","templated":true}]}}